{"id":473,"date":"2025-10-22T17:49:47","date_gmt":"2025-10-22T15:49:47","guid":{"rendered":"https:\/\/mutuamollet.cat\/elige-el-seguro-de-salud-que-mejor-se-adapta-a-ti\/"},"modified":"2025-10-31T06:44:21","modified_gmt":"2025-10-31T05:44:21","slug":"seguros-medicos","status":"publish","type":"page","link":"https:\/\/mutuamollet.cat\/es\/seguros-medicos\/","title":{"rendered":"Elige el seguro de salud que mejor se adapta a ti"},"content":{"rendered":"","protected":false},"excerpt":{"rendered":"<p> [&#8230;]<\/p>\n<p><a class=\"btn btn-secondary understrap-read-more-link\" href=\"https:\/\/mutuamollet.cat\/es\/seguros-medicos\/\">Leer m\u00e1s&#8230;<span class=\"screen-reader-text\"> from Elige el seguro de salud que mejor se adapta a ti<\/span><\/a><\/p>\n","protected":false},"author":2,"featured_media":0,"parent":0,"menu_order":0,"comment_status":"closed","ping_status":"closed","template":"page-templates\/policies-page.php","meta":{"_acf_changed":false,"footnotes":""},"class_list":["post-473","page","type-page","status-publish","hentry"],"acf":[],"yoast_head":"<!-- This site is optimized with the Yoast SEO plugin v26.2 - https:\/\/yoast.com\/wordpress\/plugins\/seo\/ -->\n<title>Seguros m\u00e9dicos para familias y aut\u00f3nomos - Mutua Mollet<\/title>\n<meta name=\"description\" content=\"Contrata tu seguro m\u00e9dico privado sin copago. Para familias, ni\u00f1os, embarazadas y aut\u00f3nomos. \u00a1Solicita informaci\u00f3n y mejora tu cobertura hoy!\" \/>\n<meta name=\"robots\" content=\"index, follow, max-snippet:-1, max-image-preview:large, max-video-preview:-1\" \/>\n<link rel=\"canonical\" href=\"https:\/\/mutuamollet.cat\/es\/seguros-medicos\/\" \/>\n<meta property=\"og:locale\" content=\"es_ES\" \/>\n<meta property=\"og:type\" content=\"article\" \/>\n<meta property=\"og:title\" content=\"Seguros m\u00e9dicos para familias y aut\u00f3nomos - Mutua Mollet\" \/>\n<meta property=\"og:description\" content=\"Contrata tu seguro m\u00e9dico privado sin copago. Para familias, ni\u00f1os, embarazadas y aut\u00f3nomos. \u00a1Solicita informaci\u00f3n y mejora tu cobertura hoy!\" \/>\n<meta property=\"og:url\" content=\"https:\/\/mutuamollet.cat\/es\/seguros-medicos\/\" \/>\n<meta property=\"og:site_name\" content=\"M\u00fatua Mollet\" \/>\n<meta property=\"article:modified_time\" content=\"2025-10-31T05:44:21+00:00\" \/>\n<meta name=\"twitter:card\" content=\"summary_large_image\" \/>\n<script type=\"application\/ld+json\" class=\"yoast-schema-graph\">{\"@context\":\"https:\/\/schema.org\",\"@graph\":[{\"@type\":\"WebPage\",\"@id\":\"https:\/\/mutuamollet.cat\/es\/seguros-medicos\/\",\"url\":\"https:\/\/mutuamollet.cat\/es\/seguros-medicos\/\",\"name\":\"Seguros m\u00e9dicos para familias y aut\u00f3nomos - Mutua Mollet\",\"isPartOf\":{\"@id\":\"https:\/\/mutuamollet.cat\/es\/#website\"},\"datePublished\":\"2025-10-22T15:49:47+00:00\",\"dateModified\":\"2025-10-31T05:44:21+00:00\",\"description\":\"Contrata tu seguro m\u00e9dico privado sin copago. Para familias, ni\u00f1os, embarazadas y aut\u00f3nomos. \u00a1Solicita informaci\u00f3n y mejora tu cobertura hoy!\",\"breadcrumb\":{\"@id\":\"https:\/\/mutuamollet.cat\/es\/seguros-medicos\/#breadcrumb\"},\"inLanguage\":\"es\",\"potentialAction\":[{\"@type\":\"ReadAction\",\"target\":[\"https:\/\/mutuamollet.cat\/es\/seguros-medicos\/\"]}]},{\"@type\":\"BreadcrumbList\",\"@id\":\"https:\/\/mutuamollet.cat\/es\/seguros-medicos\/#breadcrumb\",\"itemListElement\":[{\"@type\":\"ListItem\",\"position\":1,\"name\":\"Inici\",\"item\":\"https:\/\/mutuamollet.cat\/es\/home\/\"},{\"@type\":\"ListItem\",\"position\":2,\"name\":\"Elige el seguro de salud que mejor se adapta a ti\"}]},{\"@type\":\"WebSite\",\"@id\":\"https:\/\/mutuamollet.cat\/es\/#website\",\"url\":\"https:\/\/mutuamollet.cat\/es\/\",\"name\":\"M\u00fatua Mollet\",\"description\":\"La M\u00fatua de Mollet del Vall\u00e8s\",\"potentialAction\":[{\"@type\":\"SearchAction\",\"target\":{\"@type\":\"EntryPoint\",\"urlTemplate\":\"https:\/\/mutuamollet.cat\/es\/?s={search_term_string}\"},\"query-input\":{\"@type\":\"PropertyValueSpecification\",\"valueRequired\":true,\"valueName\":\"search_term_string\"}}],\"inLanguage\":\"es\"}]}<\/script>\n<!-- \/ Yoast SEO plugin. -->","yoast_head_json":{"title":"Seguros m\u00e9dicos para familias y aut\u00f3nomos - Mutua Mollet","description":"Contrata tu seguro m\u00e9dico privado sin copago. Para familias, ni\u00f1os, embarazadas y aut\u00f3nomos. \u00a1Solicita informaci\u00f3n y mejora tu cobertura hoy!","robots":{"index":"index","follow":"follow","max-snippet":"max-snippet:-1","max-image-preview":"max-image-preview:large","max-video-preview":"max-video-preview:-1"},"canonical":"https:\/\/mutuamollet.cat\/es\/seguros-medicos\/","og_locale":"es_ES","og_type":"article","og_title":"Seguros m\u00e9dicos para familias y aut\u00f3nomos - Mutua Mollet","og_description":"Contrata tu seguro m\u00e9dico privado sin copago. Para familias, ni\u00f1os, embarazadas y aut\u00f3nomos. \u00a1Solicita informaci\u00f3n y mejora tu cobertura hoy!","og_url":"https:\/\/mutuamollet.cat\/es\/seguros-medicos\/","og_site_name":"M\u00fatua Mollet","article_modified_time":"2025-10-31T05:44:21+00:00","twitter_card":"summary_large_image","schema":{"@context":"https:\/\/schema.org","@graph":[{"@type":"WebPage","@id":"https:\/\/mutuamollet.cat\/es\/seguros-medicos\/","url":"https:\/\/mutuamollet.cat\/es\/seguros-medicos\/","name":"Seguros m\u00e9dicos para familias y aut\u00f3nomos - Mutua Mollet","isPartOf":{"@id":"https:\/\/mutuamollet.cat\/es\/#website"},"datePublished":"2025-10-22T15:49:47+00:00","dateModified":"2025-10-31T05:44:21+00:00","description":"Contrata tu seguro m\u00e9dico privado sin copago. Para familias, ni\u00f1os, embarazadas y aut\u00f3nomos. \u00a1Solicita informaci\u00f3n y mejora tu cobertura hoy!","breadcrumb":{"@id":"https:\/\/mutuamollet.cat\/es\/seguros-medicos\/#breadcrumb"},"inLanguage":"es","potentialAction":[{"@type":"ReadAction","target":["https:\/\/mutuamollet.cat\/es\/seguros-medicos\/"]}]},{"@type":"BreadcrumbList","@id":"https:\/\/mutuamollet.cat\/es\/seguros-medicos\/#breadcrumb","itemListElement":[{"@type":"ListItem","position":1,"name":"Inici","item":"https:\/\/mutuamollet.cat\/es\/home\/"},{"@type":"ListItem","position":2,"name":"Elige el seguro de salud que mejor se adapta a ti"}]},{"@type":"WebSite","@id":"https:\/\/mutuamollet.cat\/es\/#website","url":"https:\/\/mutuamollet.cat\/es\/","name":"M\u00fatua Mollet","description":"La M\u00fatua de Mollet del Vall\u00e8s","potentialAction":[{"@type":"SearchAction","target":{"@type":"EntryPoint","urlTemplate":"https:\/\/mutuamollet.cat\/es\/?s={search_term_string}"},"query-input":{"@type":"PropertyValueSpecification","valueRequired":true,"valueName":"search_term_string"}}],"inLanguage":"es"}]}},"_links":{"self":[{"href":"https:\/\/mutuamollet.cat\/es\/wp-json\/wp\/v2\/pages\/473","targetHints":{"allow":["GET"]}}],"collection":[{"href":"https:\/\/mutuamollet.cat\/es\/wp-json\/wp\/v2\/pages"}],"about":[{"href":"https:\/\/mutuamollet.cat\/es\/wp-json\/wp\/v2\/types\/page"}],"author":[{"embeddable":true,"href":"https:\/\/mutuamollet.cat\/es\/wp-json\/wp\/v2\/users\/2"}],"replies":[{"embeddable":true,"href":"https:\/\/mutuamollet.cat\/es\/wp-json\/wp\/v2\/comments?post=473"}],"version-history":[{"count":3,"href":"https:\/\/mutuamollet.cat\/es\/wp-json\/wp\/v2\/pages\/473\/revisions"}],"predecessor-version":[{"id":661,"href":"https:\/\/mutuamollet.cat\/es\/wp-json\/wp\/v2\/pages\/473\/revisions\/661"}],"wp:attachment":[{"href":"https:\/\/mutuamollet.cat\/es\/wp-json\/wp\/v2\/media?parent=473"}],"curies":[{"name":"wp","href":"https:\/\/api.w.org\/{rel}","templated":true}]}}