{"id":471,"date":"2025-10-23T07:31:53","date_gmt":"2025-10-23T05:31:53","guid":{"rendered":"https:\/\/mutuamollet.cat\/politica-de-cookies\/"},"modified":"2025-10-27T13:16:32","modified_gmt":"2025-10-27T12:16:32","slug":"politica-de-cookies","status":"publish","type":"page","link":"https:\/\/mutuamollet.cat\/es\/politica-de-cookies\/","title":{"rendered":"Pol\u00edtica de cookies"},"content":{"rendered":"<style>\n    a.cky-banner-element {<br \/>        padding: 8px 30px;<br \/>        background: #F8F9FA;<br \/>        color: #858A8F;<br \/>        border: 1px solid #DEE2E6;<br \/>        box-sizing: border-box;<br \/>        border-radius: 2px;<br \/>        cursor: pointer;<br \/>    }<br \/><\/style>\n<p>Fecha Efectiva: 23 de octubre de 2025<br \/>\u00daltima Actualizaci\u00f3n: 23 de octubre de 2025<\/p>\n<h5>\u00bfQu\u00e9 son las cookies?<\/h5>\n<div class=\"cookie-policy-p\">\n<p>Esta Pol\u00edtica de Cookies explica qu\u00e9 son las cookies y c\u00f3mo las utilizamos, los tipos de cookies que utilizamos, la informaci\u00f3n que recopilamos mediante cookies y c\u00f3mo se utiliza esta informaci\u00f3n, y c\u00f3mo gestionar la configuraci\u00f3n de cookies.<\/p>\n<p>Las cookies son peque\u00f1os archivos de texto que se utilizan para almacenar peque\u00f1as piezas de informaci\u00f3n. Se almacenan en su dispositivo cuando el sitio web se carga en el navegador. Estas cookies nos ayudan a que el sitio web funcione correctamente, sea m\u00e1s seguro, proporcione una mejor experiencia de usuario y comprenda c\u00f3mo funciona el sitio web, y para analizar qu\u00e9 funciona y d\u00f3nde necesita mejoras.<\/p>\n<\/div>\n<h5>\u00bfC\u00f3mo utilizamos las cookies?<\/h5>\n<div class=\"cookie-policy-p\">\n<p>Como la mayor\u00eda de los servicios en l\u00ednea, nuestro sitio web utiliza cookies de primera y tercera parte para diversos prop\u00f3sitos. Las cookies de primera parte son principalmente necesarias para que el sitio web funcione correctamente y no recopilan ninguno de sus datos de identificaci\u00f3n personal.<\/p>\n<p>Las cookies de tercera parte utilizadas en nuestro sitio web son principalmente para entender c\u00f3mo funciona el sitio web, c\u00f3mo interact\u00faa con nuestro sitio web, mantener seguros nuestros servicios, proporcionarle anuncios relevantes para usted y, en general, ofrecerle una experiencia de usuario mejorada y ayudar a acelerar sus futuras interacciones con nuestro sitio web.<\/p>\n<\/div>\n<h5>Tipos de cookies que utilizamos<\/h5>\n<div class=\"cky-audit-table-element\"><\/div>\n<h5 style=\"margin-bottom: 20px;\">Gestionar preferencias de cookies<\/h5>\n<p><a class=\"cky-banner-element\">Configuraci\u00f3n de Cookies<\/a><\/p>\n<div>\n<p>Puede cambiar sus preferencias de cookies en cualquier momento haciendo clic en el bot\u00f3n anterior. Esto le permitir\u00e1 volver a visitar el banner de consentimiento de cookies y cambiar sus preferencias o retirar su consentimiento inmediatamente.<\/p>\n<p>Adem\u00e1s de esto, diferentes navegadores proporcionan m\u00e9todos diferentes para bloquear y eliminar cookies utilizadas por los sitios web. Puede cambiar la configuraci\u00f3n de su navegador para bloquear\/eliminar las cookies. A continuaci\u00f3n, se encuentran los enlaces a los documentos de soporte sobre c\u00f3mo gestionar y eliminar cookies de los principales navegadores web.<\/p>\n<p>Chrome: <a href=\"https:\/\/support.google.com\/accounts\/answer\/32050\" target=\"_blank\" rel=\"noopener\">https:\/\/support.google.com\/accounts\/answer\/32050<\/a><\/p>\n<p>Safari: <a href=\"https:\/\/support.apple.com\/en-in\/guide\/safari\/sfri11471\/mac\" target=\"_blank\" rel=\"noopener\">https:\/\/support.apple.com\/en-in\/guide\/safari\/sfri11471\/mac<\/a><\/p>\n<p>Firefox: <a href=\"https:\/\/support.mozilla.org\/en-US\/kb\/clear-cookies-and-site-data-firefox?redirectslug=delete-cookies-remove-info-websites-stored&amp;redirectlocale=en-US\" target=\"_blank\" rel=\"noopener\">https:\/\/support.mozilla.org\/en-US\/kb\/clear-cookies-and-site-data-firefox?redirectslug=delete-cookies-remove-info-websites-stored&amp;redirectlocale=en-US<\/a><\/p>\n<p>Internet Explorer: <a href=\"https:\/\/support.microsoft.com\/en-us\/topic\/how-to-delete-cookie-files-in-internet-explorer-bca9446f-d873-78de-77ba-d42645fa52fc\" target=\"_blank\" rel=\"noopener\">https:\/\/support.microsoft.com\/en-us\/topic\/how-to-delete-cookie-files-in-internet-explorer-bca9446f-d873-78de-77ba-d42645fa52fc<\/a><\/p>\n<p>Si utiliza otro navegador web, visite los documentos de soporte oficiales de su navegador.<\/p>\n<\/div>\n","protected":false},"excerpt":{"rendered":"<p>Fecha Efectiva: 23 de octubre de 2025\u00daltima Actualizaci\u00f3n: 23 de octubre de 2025 \u00bfQu\u00e9 son las cookies? Esta Pol\u00edtica de Cookies explica qu\u00e9 son las cookies y c\u00f3mo las utilizamos, los tipos de cookies que utilizamos, la informaci\u00f3n que recopilamos mediante cookies y c\u00f3mo se utiliza esta informaci\u00f3n, y c\u00f3mo gestionar la configuraci\u00f3n de cookies. [&#8230;]<\/p>\n<p><a class=\"btn btn-secondary understrap-read-more-link\" href=\"https:\/\/mutuamollet.cat\/es\/politica-de-cookies\/\">Leer m\u00e1s&#8230;<span class=\"screen-reader-text\"> from Pol\u00edtica de cookies<\/span><\/a><\/p>\n","protected":false},"author":2,"featured_media":0,"parent":0,"menu_order":0,"comment_status":"closed","ping_status":"closed","template":"page-templates\/legal-page.php","meta":{"_acf_changed":false,"footnotes":""},"class_list":["post-471","page","type-page","status-publish","hentry"],"acf":[],"yoast_head":"<!-- This site is optimized with the Yoast SEO plugin v26.2 - https:\/\/yoast.com\/wordpress\/plugins\/seo\/ -->\n<title>Pol\u00edtica de cookies - M\u00fatua Mollet<\/title>\n<meta name=\"robots\" content=\"index, follow, max-snippet:-1, max-image-preview:large, max-video-preview:-1\" \/>\n<link rel=\"canonical\" href=\"https:\/\/mutuamollet.cat\/es\/politica-de-cookies\/\" \/>\n<meta property=\"og:locale\" content=\"es_ES\" \/>\n<meta property=\"og:type\" content=\"article\" \/>\n<meta property=\"og:title\" content=\"Pol\u00edtica de cookies - M\u00fatua Mollet\" \/>\n<meta property=\"og:description\" content=\"Fecha Efectiva: 23 de octubre de 2025\u00daltima Actualizaci\u00f3n: 23 de octubre de 2025 \u00bfQu\u00e9 son las cookies? Esta Pol\u00edtica de Cookies explica qu\u00e9 son las cookies y c\u00f3mo las utilizamos, los tipos de cookies que utilizamos, la informaci\u00f3n que recopilamos mediante cookies y c\u00f3mo se utiliza esta informaci\u00f3n, y c\u00f3mo gestionar la configuraci\u00f3n de cookies. [...]Leer m\u00e1s... from Pol\u00edtica de cookies\" \/>\n<meta property=\"og:url\" content=\"https:\/\/mutuamollet.cat\/es\/politica-de-cookies\/\" \/>\n<meta property=\"og:site_name\" content=\"M\u00fatua Mollet\" \/>\n<meta property=\"article:modified_time\" content=\"2025-10-27T12:16:32+00:00\" \/>\n<meta name=\"twitter:card\" content=\"summary_large_image\" \/>\n<meta name=\"twitter:label1\" content=\"Tiempo de lectura\" \/>\n\t<meta name=\"twitter:data1\" content=\"2 minutos\" \/>\n<script type=\"application\/ld+json\" class=\"yoast-schema-graph\">{\"@context\":\"https:\/\/schema.org\",\"@graph\":[{\"@type\":\"WebPage\",\"@id\":\"https:\/\/mutuamollet.cat\/es\/politica-de-cookies\/\",\"url\":\"https:\/\/mutuamollet.cat\/es\/politica-de-cookies\/\",\"name\":\"Pol\u00edtica de cookies - M\u00fatua Mollet\",\"isPartOf\":{\"@id\":\"https:\/\/mutuamollet.cat\/es\/#website\"},\"datePublished\":\"2025-10-23T05:31:53+00:00\",\"dateModified\":\"2025-10-27T12:16:32+00:00\",\"breadcrumb\":{\"@id\":\"https:\/\/mutuamollet.cat\/es\/politica-de-cookies\/#breadcrumb\"},\"inLanguage\":\"es\",\"potentialAction\":[{\"@type\":\"ReadAction\",\"target\":[\"https:\/\/mutuamollet.cat\/es\/politica-de-cookies\/\"]}]},{\"@type\":\"BreadcrumbList\",\"@id\":\"https:\/\/mutuamollet.cat\/es\/politica-de-cookies\/#breadcrumb\",\"itemListElement\":[{\"@type\":\"ListItem\",\"position\":1,\"name\":\"Inici\",\"item\":\"https:\/\/mutuamollet.cat\/es\/home\/\"},{\"@type\":\"ListItem\",\"position\":2,\"name\":\"Pol\u00edtica de cookies\"}]},{\"@type\":\"WebSite\",\"@id\":\"https:\/\/mutuamollet.cat\/es\/#website\",\"url\":\"https:\/\/mutuamollet.cat\/es\/\",\"name\":\"M\u00fatua Mollet\",\"description\":\"La M\u00fatua de Mollet del Vall\u00e8s\",\"potentialAction\":[{\"@type\":\"SearchAction\",\"target\":{\"@type\":\"EntryPoint\",\"urlTemplate\":\"https:\/\/mutuamollet.cat\/es\/?s={search_term_string}\"},\"query-input\":{\"@type\":\"PropertyValueSpecification\",\"valueRequired\":true,\"valueName\":\"search_term_string\"}}],\"inLanguage\":\"es\"}]}<\/script>\n<!-- \/ Yoast SEO plugin. -->","yoast_head_json":{"title":"Pol\u00edtica de cookies - M\u00fatua Mollet","robots":{"index":"index","follow":"follow","max-snippet":"max-snippet:-1","max-image-preview":"max-image-preview:large","max-video-preview":"max-video-preview:-1"},"canonical":"https:\/\/mutuamollet.cat\/es\/politica-de-cookies\/","og_locale":"es_ES","og_type":"article","og_title":"Pol\u00edtica de cookies - M\u00fatua Mollet","og_description":"Fecha Efectiva: 23 de octubre de 2025\u00daltima Actualizaci\u00f3n: 23 de octubre de 2025 \u00bfQu\u00e9 son las cookies? Esta Pol\u00edtica de Cookies explica qu\u00e9 son las cookies y c\u00f3mo las utilizamos, los tipos de cookies que utilizamos, la informaci\u00f3n que recopilamos mediante cookies y c\u00f3mo se utiliza esta informaci\u00f3n, y c\u00f3mo gestionar la configuraci\u00f3n de cookies. [...]Leer m\u00e1s... from Pol\u00edtica de cookies","og_url":"https:\/\/mutuamollet.cat\/es\/politica-de-cookies\/","og_site_name":"M\u00fatua Mollet","article_modified_time":"2025-10-27T12:16:32+00:00","twitter_card":"summary_large_image","twitter_misc":{"Tiempo de lectura":"2 minutos"},"schema":{"@context":"https:\/\/schema.org","@graph":[{"@type":"WebPage","@id":"https:\/\/mutuamollet.cat\/es\/politica-de-cookies\/","url":"https:\/\/mutuamollet.cat\/es\/politica-de-cookies\/","name":"Pol\u00edtica de cookies - M\u00fatua Mollet","isPartOf":{"@id":"https:\/\/mutuamollet.cat\/es\/#website"},"datePublished":"2025-10-23T05:31:53+00:00","dateModified":"2025-10-27T12:16:32+00:00","breadcrumb":{"@id":"https:\/\/mutuamollet.cat\/es\/politica-de-cookies\/#breadcrumb"},"inLanguage":"es","potentialAction":[{"@type":"ReadAction","target":["https:\/\/mutuamollet.cat\/es\/politica-de-cookies\/"]}]},{"@type":"BreadcrumbList","@id":"https:\/\/mutuamollet.cat\/es\/politica-de-cookies\/#breadcrumb","itemListElement":[{"@type":"ListItem","position":1,"name":"Inici","item":"https:\/\/mutuamollet.cat\/es\/home\/"},{"@type":"ListItem","position":2,"name":"Pol\u00edtica de cookies"}]},{"@type":"WebSite","@id":"https:\/\/mutuamollet.cat\/es\/#website","url":"https:\/\/mutuamollet.cat\/es\/","name":"M\u00fatua Mollet","description":"La M\u00fatua de Mollet del Vall\u00e8s","potentialAction":[{"@type":"SearchAction","target":{"@type":"EntryPoint","urlTemplate":"https:\/\/mutuamollet.cat\/es\/?s={search_term_string}"},"query-input":{"@type":"PropertyValueSpecification","valueRequired":true,"valueName":"search_term_string"}}],"inLanguage":"es"}]}},"_links":{"self":[{"href":"https:\/\/mutuamollet.cat\/es\/wp-json\/wp\/v2\/pages\/471","targetHints":{"allow":["GET"]}}],"collection":[{"href":"https:\/\/mutuamollet.cat\/es\/wp-json\/wp\/v2\/pages"}],"about":[{"href":"https:\/\/mutuamollet.cat\/es\/wp-json\/wp\/v2\/types\/page"}],"author":[{"embeddable":true,"href":"https:\/\/mutuamollet.cat\/es\/wp-json\/wp\/v2\/users\/2"}],"replies":[{"embeddable":true,"href":"https:\/\/mutuamollet.cat\/es\/wp-json\/wp\/v2\/comments?post=471"}],"version-history":[{"count":1,"href":"https:\/\/mutuamollet.cat\/es\/wp-json\/wp\/v2\/pages\/471\/revisions"}],"predecessor-version":[{"id":614,"href":"https:\/\/mutuamollet.cat\/es\/wp-json\/wp\/v2\/pages\/471\/revisions\/614"}],"wp:attachment":[{"href":"https:\/\/mutuamollet.cat\/es\/wp-json\/wp\/v2\/media?parent=471"}],"curies":[{"name":"wp","href":"https:\/\/api.w.org\/{rel}","templated":true}]}}