{"id":470,"date":"2025-10-22T18:42:52","date_gmt":"2025-10-22T16:42:52","guid":{"rendered":"https:\/\/mutuamollet.cat\/mutua-mollet-quiere-ofrecerte-la-mejor-cobertura-medica-muy-cerca-de-tu-casa-sin-largos-desplazamientos-para-realizar-pruebas-diagnosticas-y-pensando-solo-en-tu-salud\/"},"modified":"2025-10-30T13:47:40","modified_gmt":"2025-10-30T12:47:40","slug":"coberturas-medicas","status":"publish","type":"page","link":"https:\/\/mutuamollet.cat\/es\/coberturas-medicas\/","title":{"rendered":"Coberturas m\u00e9dicas"},"content":{"rendered":"","protected":false},"excerpt":{"rendered":"<p> [&#8230;]<\/p>\n<p><a class=\"btn btn-secondary understrap-read-more-link\" href=\"https:\/\/mutuamollet.cat\/es\/coberturas-medicas\/\">Leer m\u00e1s&#8230;<span class=\"screen-reader-text\"> from Coberturas m\u00e9dicas<\/span><\/a><\/p>\n","protected":false},"author":2,"featured_media":0,"parent":0,"menu_order":0,"comment_status":"closed","ping_status":"closed","template":"page-templates\/covers-page.php","meta":{"_acf_changed":false,"footnotes":""},"class_list":["post-470","page","type-page","status-publish","hentry"],"acf":[],"yoast_head":"<!-- This site is optimized with the Yoast SEO plugin v26.2 - https:\/\/yoast.com\/wordpress\/plugins\/seo\/ -->\n<title>Coberturas de nuestros seguros m\u00e9dicos - Mutua Mollet<\/title>\n<meta name=\"description\" content=\"Consulta todas las coberturas: pediatr\u00eda, ginecolog\u00eda, salud dental, oftalmolog\u00eda y m\u00e1s. Tu salud en buenas manos. \u00a1Inf\u00f3rmate sin compromiso!\" \/>\n<meta name=\"robots\" content=\"index, follow, max-snippet:-1, max-image-preview:large, max-video-preview:-1\" \/>\n<link rel=\"canonical\" href=\"https:\/\/mutuamollet.cat\/es\/coberturas-medicas\/\" \/>\n<meta property=\"og:locale\" content=\"es_ES\" \/>\n<meta property=\"og:type\" content=\"article\" \/>\n<meta property=\"og:title\" content=\"Coberturas de nuestros seguros m\u00e9dicos - Mutua Mollet\" \/>\n<meta property=\"og:description\" content=\"Consulta todas las coberturas: pediatr\u00eda, ginecolog\u00eda, salud dental, oftalmolog\u00eda y m\u00e1s. Tu salud en buenas manos. \u00a1Inf\u00f3rmate sin compromiso!\" \/>\n<meta property=\"og:url\" content=\"https:\/\/mutuamollet.cat\/es\/coberturas-medicas\/\" \/>\n<meta property=\"og:site_name\" content=\"M\u00fatua Mollet\" \/>\n<meta property=\"article:modified_time\" content=\"2025-10-30T12:47:40+00:00\" \/>\n<meta name=\"twitter:card\" content=\"summary_large_image\" \/>\n<script type=\"application\/ld+json\" class=\"yoast-schema-graph\">{\"@context\":\"https:\/\/schema.org\",\"@graph\":[{\"@type\":\"WebPage\",\"@id\":\"https:\/\/mutuamollet.cat\/es\/coberturas-medicas\/\",\"url\":\"https:\/\/mutuamollet.cat\/es\/coberturas-medicas\/\",\"name\":\"Coberturas de nuestros seguros m\u00e9dicos - Mutua Mollet\",\"isPartOf\":{\"@id\":\"https:\/\/mutuamollet.cat\/es\/#website\"},\"datePublished\":\"2025-10-22T16:42:52+00:00\",\"dateModified\":\"2025-10-30T12:47:40+00:00\",\"description\":\"Consulta todas las coberturas: pediatr\u00eda, ginecolog\u00eda, salud dental, oftalmolog\u00eda y m\u00e1s. Tu salud en buenas manos. \u00a1Inf\u00f3rmate sin compromiso!\",\"breadcrumb\":{\"@id\":\"https:\/\/mutuamollet.cat\/es\/coberturas-medicas\/#breadcrumb\"},\"inLanguage\":\"es\",\"potentialAction\":[{\"@type\":\"ReadAction\",\"target\":[\"https:\/\/mutuamollet.cat\/es\/coberturas-medicas\/\"]}]},{\"@type\":\"BreadcrumbList\",\"@id\":\"https:\/\/mutuamollet.cat\/es\/coberturas-medicas\/#breadcrumb\",\"itemListElement\":[{\"@type\":\"ListItem\",\"position\":1,\"name\":\"Inici\",\"item\":\"https:\/\/mutuamollet.cat\/es\/home\/\"},{\"@type\":\"ListItem\",\"position\":2,\"name\":\"Coberturas m\u00e9dicas\"}]},{\"@type\":\"WebSite\",\"@id\":\"https:\/\/mutuamollet.cat\/es\/#website\",\"url\":\"https:\/\/mutuamollet.cat\/es\/\",\"name\":\"M\u00fatua Mollet\",\"description\":\"La M\u00fatua de Mollet del Vall\u00e8s\",\"potentialAction\":[{\"@type\":\"SearchAction\",\"target\":{\"@type\":\"EntryPoint\",\"urlTemplate\":\"https:\/\/mutuamollet.cat\/es\/?s={search_term_string}\"},\"query-input\":{\"@type\":\"PropertyValueSpecification\",\"valueRequired\":true,\"valueName\":\"search_term_string\"}}],\"inLanguage\":\"es\"}]}<\/script>\n<!-- \/ Yoast SEO plugin. -->","yoast_head_json":{"title":"Coberturas de nuestros seguros m\u00e9dicos - Mutua Mollet","description":"Consulta todas las coberturas: pediatr\u00eda, ginecolog\u00eda, salud dental, oftalmolog\u00eda y m\u00e1s. Tu salud en buenas manos. \u00a1Inf\u00f3rmate sin compromiso!","robots":{"index":"index","follow":"follow","max-snippet":"max-snippet:-1","max-image-preview":"max-image-preview:large","max-video-preview":"max-video-preview:-1"},"canonical":"https:\/\/mutuamollet.cat\/es\/coberturas-medicas\/","og_locale":"es_ES","og_type":"article","og_title":"Coberturas de nuestros seguros m\u00e9dicos - Mutua Mollet","og_description":"Consulta todas las coberturas: pediatr\u00eda, ginecolog\u00eda, salud dental, oftalmolog\u00eda y m\u00e1s. Tu salud en buenas manos. \u00a1Inf\u00f3rmate sin compromiso!","og_url":"https:\/\/mutuamollet.cat\/es\/coberturas-medicas\/","og_site_name":"M\u00fatua Mollet","article_modified_time":"2025-10-30T12:47:40+00:00","twitter_card":"summary_large_image","schema":{"@context":"https:\/\/schema.org","@graph":[{"@type":"WebPage","@id":"https:\/\/mutuamollet.cat\/es\/coberturas-medicas\/","url":"https:\/\/mutuamollet.cat\/es\/coberturas-medicas\/","name":"Coberturas de nuestros seguros m\u00e9dicos - Mutua Mollet","isPartOf":{"@id":"https:\/\/mutuamollet.cat\/es\/#website"},"datePublished":"2025-10-22T16:42:52+00:00","dateModified":"2025-10-30T12:47:40+00:00","description":"Consulta todas las coberturas: pediatr\u00eda, ginecolog\u00eda, salud dental, oftalmolog\u00eda y m\u00e1s. Tu salud en buenas manos. \u00a1Inf\u00f3rmate sin compromiso!","breadcrumb":{"@id":"https:\/\/mutuamollet.cat\/es\/coberturas-medicas\/#breadcrumb"},"inLanguage":"es","potentialAction":[{"@type":"ReadAction","target":["https:\/\/mutuamollet.cat\/es\/coberturas-medicas\/"]}]},{"@type":"BreadcrumbList","@id":"https:\/\/mutuamollet.cat\/es\/coberturas-medicas\/#breadcrumb","itemListElement":[{"@type":"ListItem","position":1,"name":"Inici","item":"https:\/\/mutuamollet.cat\/es\/home\/"},{"@type":"ListItem","position":2,"name":"Coberturas m\u00e9dicas"}]},{"@type":"WebSite","@id":"https:\/\/mutuamollet.cat\/es\/#website","url":"https:\/\/mutuamollet.cat\/es\/","name":"M\u00fatua Mollet","description":"La M\u00fatua de Mollet del Vall\u00e8s","potentialAction":[{"@type":"SearchAction","target":{"@type":"EntryPoint","urlTemplate":"https:\/\/mutuamollet.cat\/es\/?s={search_term_string}"},"query-input":{"@type":"PropertyValueSpecification","valueRequired":true,"valueName":"search_term_string"}}],"inLanguage":"es"}]}},"_links":{"self":[{"href":"https:\/\/mutuamollet.cat\/es\/wp-json\/wp\/v2\/pages\/470","targetHints":{"allow":["GET"]}}],"collection":[{"href":"https:\/\/mutuamollet.cat\/es\/wp-json\/wp\/v2\/pages"}],"about":[{"href":"https:\/\/mutuamollet.cat\/es\/wp-json\/wp\/v2\/types\/page"}],"author":[{"embeddable":true,"href":"https:\/\/mutuamollet.cat\/es\/wp-json\/wp\/v2\/users\/2"}],"replies":[{"embeddable":true,"href":"https:\/\/mutuamollet.cat\/es\/wp-json\/wp\/v2\/comments?post=470"}],"version-history":[{"count":2,"href":"https:\/\/mutuamollet.cat\/es\/wp-json\/wp\/v2\/pages\/470\/revisions"}],"predecessor-version":[{"id":662,"href":"https:\/\/mutuamollet.cat\/es\/wp-json\/wp\/v2\/pages\/470\/revisions\/662"}],"wp:attachment":[{"href":"https:\/\/mutuamollet.cat\/es\/wp-json\/wp\/v2\/media?parent=470"}],"curies":[{"name":"wp","href":"https:\/\/api.w.org\/{rel}","templated":true}]}}