{"id":468,"date":"2025-10-22T18:01:30","date_gmt":"2025-10-22T16:01:30","guid":{"rendered":"https:\/\/mutuamollet.cat\/la-mutua\/"},"modified":"2025-10-22T18:01:30","modified_gmt":"2025-10-22T16:01:30","slug":"la-mutua","status":"publish","type":"page","link":"https:\/\/mutuamollet.cat\/es\/la-mutua\/","title":{"rendered":"La Mutua"},"content":{"rendered":"","protected":false},"excerpt":{"rendered":"<p> [&#8230;]<\/p>\n<p><a class=\"btn btn-secondary understrap-read-more-link\" href=\"https:\/\/mutuamollet.cat\/es\/la-mutua\/\">Leer m\u00e1s&#8230;<span class=\"screen-reader-text\"> from La Mutua<\/span><\/a><\/p>\n","protected":false},"author":2,"featured_media":0,"parent":0,"menu_order":0,"comment_status":"closed","ping_status":"closed","template":"page-templates\/mutua-page.php","meta":{"_acf_changed":false,"footnotes":""},"class_list":["post-468","page","type-page","status-publish","hentry"],"acf":[],"yoast_head":"<!-- This site is optimized with the Yoast SEO plugin v26.2 - https:\/\/yoast.com\/wordpress\/plugins\/seo\/ -->\n<title>Con\u00f3cenos: qui\u00e9nes somos y valores - Mutua Mollet<\/title>\n<meta name=\"description\" content=\"Mutua Mollet, tu mutua de confianza en Mollet del Vall\u00e8s. Descubre nuestra historia, valores y compromiso con la salud. \u00a1Inf\u00f3rmate y forma parte!\" \/>\n<meta name=\"robots\" content=\"index, follow, max-snippet:-1, max-image-preview:large, max-video-preview:-1\" \/>\n<link rel=\"canonical\" href=\"https:\/\/mutuamollet.cat\/es\/la-mutua\/\" \/>\n<meta property=\"og:locale\" content=\"es_ES\" \/>\n<meta property=\"og:type\" content=\"article\" \/>\n<meta property=\"og:title\" content=\"Con\u00f3cenos: qui\u00e9nes somos y valores - Mutua Mollet\" \/>\n<meta property=\"og:description\" content=\"Mutua Mollet, tu mutua de confianza en Mollet del Vall\u00e8s. Descubre nuestra historia, valores y compromiso con la salud. \u00a1Inf\u00f3rmate y forma parte!\" \/>\n<meta property=\"og:url\" content=\"https:\/\/mutuamollet.cat\/es\/la-mutua\/\" \/>\n<meta property=\"og:site_name\" content=\"M\u00fatua Mollet\" \/>\n<meta name=\"twitter:card\" content=\"summary_large_image\" \/>\n<script type=\"application\/ld+json\" class=\"yoast-schema-graph\">{\"@context\":\"https:\/\/schema.org\",\"@graph\":[{\"@type\":\"WebPage\",\"@id\":\"https:\/\/mutuamollet.cat\/es\/la-mutua\/\",\"url\":\"https:\/\/mutuamollet.cat\/es\/la-mutua\/\",\"name\":\"Con\u00f3cenos: qui\u00e9nes somos y valores - Mutua Mollet\",\"isPartOf\":{\"@id\":\"https:\/\/mutuamollet.cat\/es\/#website\"},\"datePublished\":\"2025-10-22T16:01:30+00:00\",\"description\":\"Mutua Mollet, tu mutua de confianza en Mollet del Vall\u00e8s. Descubre nuestra historia, valores y compromiso con la salud. \u00a1Inf\u00f3rmate y forma parte!\",\"breadcrumb\":{\"@id\":\"https:\/\/mutuamollet.cat\/es\/la-mutua\/#breadcrumb\"},\"inLanguage\":\"es\",\"potentialAction\":[{\"@type\":\"ReadAction\",\"target\":[\"https:\/\/mutuamollet.cat\/es\/la-mutua\/\"]}]},{\"@type\":\"BreadcrumbList\",\"@id\":\"https:\/\/mutuamollet.cat\/es\/la-mutua\/#breadcrumb\",\"itemListElement\":[{\"@type\":\"ListItem\",\"position\":1,\"name\":\"Inici\",\"item\":\"https:\/\/mutuamollet.cat\/es\/home\/\"},{\"@type\":\"ListItem\",\"position\":2,\"name\":\"La Mutua\"}]},{\"@type\":\"WebSite\",\"@id\":\"https:\/\/mutuamollet.cat\/es\/#website\",\"url\":\"https:\/\/mutuamollet.cat\/es\/\",\"name\":\"M\u00fatua Mollet\",\"description\":\"La M\u00fatua de Mollet del Vall\u00e8s\",\"potentialAction\":[{\"@type\":\"SearchAction\",\"target\":{\"@type\":\"EntryPoint\",\"urlTemplate\":\"https:\/\/mutuamollet.cat\/es\/?s={search_term_string}\"},\"query-input\":{\"@type\":\"PropertyValueSpecification\",\"valueRequired\":true,\"valueName\":\"search_term_string\"}}],\"inLanguage\":\"es\"}]}<\/script>\n<!-- \/ Yoast SEO plugin. -->","yoast_head_json":{"title":"Con\u00f3cenos: qui\u00e9nes somos y valores - Mutua Mollet","description":"Mutua Mollet, tu mutua de confianza en Mollet del Vall\u00e8s. Descubre nuestra historia, valores y compromiso con la salud. \u00a1Inf\u00f3rmate y forma parte!","robots":{"index":"index","follow":"follow","max-snippet":"max-snippet:-1","max-image-preview":"max-image-preview:large","max-video-preview":"max-video-preview:-1"},"canonical":"https:\/\/mutuamollet.cat\/es\/la-mutua\/","og_locale":"es_ES","og_type":"article","og_title":"Con\u00f3cenos: qui\u00e9nes somos y valores - Mutua Mollet","og_description":"Mutua Mollet, tu mutua de confianza en Mollet del Vall\u00e8s. Descubre nuestra historia, valores y compromiso con la salud. \u00a1Inf\u00f3rmate y forma parte!","og_url":"https:\/\/mutuamollet.cat\/es\/la-mutua\/","og_site_name":"M\u00fatua Mollet","twitter_card":"summary_large_image","schema":{"@context":"https:\/\/schema.org","@graph":[{"@type":"WebPage","@id":"https:\/\/mutuamollet.cat\/es\/la-mutua\/","url":"https:\/\/mutuamollet.cat\/es\/la-mutua\/","name":"Con\u00f3cenos: qui\u00e9nes somos y valores - Mutua Mollet","isPartOf":{"@id":"https:\/\/mutuamollet.cat\/es\/#website"},"datePublished":"2025-10-22T16:01:30+00:00","description":"Mutua Mollet, tu mutua de confianza en Mollet del Vall\u00e8s. Descubre nuestra historia, valores y compromiso con la salud. \u00a1Inf\u00f3rmate y forma parte!","breadcrumb":{"@id":"https:\/\/mutuamollet.cat\/es\/la-mutua\/#breadcrumb"},"inLanguage":"es","potentialAction":[{"@type":"ReadAction","target":["https:\/\/mutuamollet.cat\/es\/la-mutua\/"]}]},{"@type":"BreadcrumbList","@id":"https:\/\/mutuamollet.cat\/es\/la-mutua\/#breadcrumb","itemListElement":[{"@type":"ListItem","position":1,"name":"Inici","item":"https:\/\/mutuamollet.cat\/es\/home\/"},{"@type":"ListItem","position":2,"name":"La Mutua"}]},{"@type":"WebSite","@id":"https:\/\/mutuamollet.cat\/es\/#website","url":"https:\/\/mutuamollet.cat\/es\/","name":"M\u00fatua Mollet","description":"La M\u00fatua de Mollet del Vall\u00e8s","potentialAction":[{"@type":"SearchAction","target":{"@type":"EntryPoint","urlTemplate":"https:\/\/mutuamollet.cat\/es\/?s={search_term_string}"},"query-input":{"@type":"PropertyValueSpecification","valueRequired":true,"valueName":"search_term_string"}}],"inLanguage":"es"}]}},"_links":{"self":[{"href":"https:\/\/mutuamollet.cat\/es\/wp-json\/wp\/v2\/pages\/468","targetHints":{"allow":["GET"]}}],"collection":[{"href":"https:\/\/mutuamollet.cat\/es\/wp-json\/wp\/v2\/pages"}],"about":[{"href":"https:\/\/mutuamollet.cat\/es\/wp-json\/wp\/v2\/types\/page"}],"author":[{"embeddable":true,"href":"https:\/\/mutuamollet.cat\/es\/wp-json\/wp\/v2\/users\/2"}],"replies":[{"embeddable":true,"href":"https:\/\/mutuamollet.cat\/es\/wp-json\/wp\/v2\/comments?post=468"}],"version-history":[{"count":0,"href":"https:\/\/mutuamollet.cat\/es\/wp-json\/wp\/v2\/pages\/468\/revisions"}],"wp:attachment":[{"href":"https:\/\/mutuamollet.cat\/es\/wp-json\/wp\/v2\/media?parent=468"}],"curies":[{"name":"wp","href":"https:\/\/api.w.org\/{rel}","templated":true}]}}