{"id":456,"date":"2025-10-22T17:51:57","date_gmt":"2025-10-22T15:51:57","guid":{"rendered":"https:\/\/mutuamollet.cat\/informes-de-solvencia\/"},"modified":"2026-04-08T16:13:24","modified_gmt":"2026-04-08T14:13:24","slug":"informes-de-solvencia","status":"publish","type":"page","link":"https:\/\/mutuamollet.cat\/es\/informes-de-solvencia\/","title":{"rendered":"Informes de solvencia"},"content":{"rendered":"","protected":false},"excerpt":{"rendered":"<p> [&#8230;]<\/p>\n<p><a class=\"btn btn-secondary understrap-read-more-link\" href=\"https:\/\/mutuamollet.cat\/es\/informes-de-solvencia\/\">Leer m\u00e1s&#8230;<span class=\"screen-reader-text\"> from Informes de solvencia<\/span><\/a><\/p>\n","protected":false},"author":2,"featured_media":0,"parent":0,"menu_order":0,"comment_status":"closed","ping_status":"closed","template":"page-templates\/reports-page.php","meta":{"_acf_changed":false,"footnotes":""},"class_list":["post-456","page","type-page","status-publish","hentry"],"acf":[],"yoast_head":"<!-- This site is optimized with the Yoast SEO plugin v26.2 - https:\/\/yoast.com\/wordpress\/plugins\/seo\/ -->\n<title>Informes de solvencia y transparencia - Mutua Mollet<\/title>\n<meta name=\"description\" content=\"Consulta els nostres informes econ\u00f2mics i de gesti\u00f3. Transpar\u00e8ncia i confian\u00e7a per protegir la teva salut. Entra ara i coneix els detalls!\" \/>\n<meta name=\"robots\" content=\"index, follow, max-snippet:-1, max-image-preview:large, max-video-preview:-1\" \/>\n<link rel=\"canonical\" href=\"https:\/\/mutuamollet.cat\/es\/informes-de-solvencia\/\" \/>\n<meta property=\"og:locale\" content=\"es_ES\" \/>\n<meta property=\"og:type\" content=\"article\" \/>\n<meta property=\"og:title\" content=\"Informes de solvencia y transparencia - Mutua Mollet\" \/>\n<meta property=\"og:description\" content=\"Consulta els nostres informes econ\u00f2mics i de gesti\u00f3. Transpar\u00e8ncia i confian\u00e7a per protegir la teva salut. Entra ara i coneix els detalls!\" \/>\n<meta property=\"og:url\" content=\"https:\/\/mutuamollet.cat\/es\/informes-de-solvencia\/\" \/>\n<meta property=\"og:site_name\" content=\"M\u00fatua Mollet\" \/>\n<meta property=\"article:modified_time\" content=\"2026-04-08T14:13:24+00:00\" \/>\n<meta name=\"twitter:card\" content=\"summary_large_image\" \/>\n<script type=\"application\/ld+json\" class=\"yoast-schema-graph\">{\"@context\":\"https:\/\/schema.org\",\"@graph\":[{\"@type\":\"WebPage\",\"@id\":\"https:\/\/mutuamollet.cat\/es\/informes-de-solvencia\/\",\"url\":\"https:\/\/mutuamollet.cat\/es\/informes-de-solvencia\/\",\"name\":\"Informes de solvencia y transparencia - Mutua Mollet\",\"isPartOf\":{\"@id\":\"https:\/\/mutuamollet.cat\/es\/#website\"},\"datePublished\":\"2025-10-22T15:51:57+00:00\",\"dateModified\":\"2026-04-08T14:13:24+00:00\",\"description\":\"Consulta els nostres informes econ\u00f2mics i de gesti\u00f3. Transpar\u00e8ncia i confian\u00e7a per protegir la teva salut. Entra ara i coneix els detalls!\",\"breadcrumb\":{\"@id\":\"https:\/\/mutuamollet.cat\/es\/informes-de-solvencia\/#breadcrumb\"},\"inLanguage\":\"es\",\"potentialAction\":[{\"@type\":\"ReadAction\",\"target\":[\"https:\/\/mutuamollet.cat\/es\/informes-de-solvencia\/\"]}]},{\"@type\":\"BreadcrumbList\",\"@id\":\"https:\/\/mutuamollet.cat\/es\/informes-de-solvencia\/#breadcrumb\",\"itemListElement\":[{\"@type\":\"ListItem\",\"position\":1,\"name\":\"Inici\",\"item\":\"https:\/\/mutuamollet.cat\/es\/home\/\"},{\"@type\":\"ListItem\",\"position\":2,\"name\":\"Informes de solvencia\"}]},{\"@type\":\"WebSite\",\"@id\":\"https:\/\/mutuamollet.cat\/es\/#website\",\"url\":\"https:\/\/mutuamollet.cat\/es\/\",\"name\":\"M\u00fatua Mollet\",\"description\":\"La M\u00fatua de Mollet del Vall\u00e8s\",\"potentialAction\":[{\"@type\":\"SearchAction\",\"target\":{\"@type\":\"EntryPoint\",\"urlTemplate\":\"https:\/\/mutuamollet.cat\/es\/?s={search_term_string}\"},\"query-input\":{\"@type\":\"PropertyValueSpecification\",\"valueRequired\":true,\"valueName\":\"search_term_string\"}}],\"inLanguage\":\"es\"}]}<\/script>\n<!-- \/ Yoast SEO plugin. -->","yoast_head_json":{"title":"Informes de solvencia y transparencia - Mutua Mollet","description":"Consulta els nostres informes econ\u00f2mics i de gesti\u00f3. Transpar\u00e8ncia i confian\u00e7a per protegir la teva salut. Entra ara i coneix els detalls!","robots":{"index":"index","follow":"follow","max-snippet":"max-snippet:-1","max-image-preview":"max-image-preview:large","max-video-preview":"max-video-preview:-1"},"canonical":"https:\/\/mutuamollet.cat\/es\/informes-de-solvencia\/","og_locale":"es_ES","og_type":"article","og_title":"Informes de solvencia y transparencia - Mutua Mollet","og_description":"Consulta els nostres informes econ\u00f2mics i de gesti\u00f3. Transpar\u00e8ncia i confian\u00e7a per protegir la teva salut. Entra ara i coneix els detalls!","og_url":"https:\/\/mutuamollet.cat\/es\/informes-de-solvencia\/","og_site_name":"M\u00fatua Mollet","article_modified_time":"2026-04-08T14:13:24+00:00","twitter_card":"summary_large_image","schema":{"@context":"https:\/\/schema.org","@graph":[{"@type":"WebPage","@id":"https:\/\/mutuamollet.cat\/es\/informes-de-solvencia\/","url":"https:\/\/mutuamollet.cat\/es\/informes-de-solvencia\/","name":"Informes de solvencia y transparencia - Mutua Mollet","isPartOf":{"@id":"https:\/\/mutuamollet.cat\/es\/#website"},"datePublished":"2025-10-22T15:51:57+00:00","dateModified":"2026-04-08T14:13:24+00:00","description":"Consulta els nostres informes econ\u00f2mics i de gesti\u00f3. Transpar\u00e8ncia i confian\u00e7a per protegir la teva salut. Entra ara i coneix els detalls!","breadcrumb":{"@id":"https:\/\/mutuamollet.cat\/es\/informes-de-solvencia\/#breadcrumb"},"inLanguage":"es","potentialAction":[{"@type":"ReadAction","target":["https:\/\/mutuamollet.cat\/es\/informes-de-solvencia\/"]}]},{"@type":"BreadcrumbList","@id":"https:\/\/mutuamollet.cat\/es\/informes-de-solvencia\/#breadcrumb","itemListElement":[{"@type":"ListItem","position":1,"name":"Inici","item":"https:\/\/mutuamollet.cat\/es\/home\/"},{"@type":"ListItem","position":2,"name":"Informes de solvencia"}]},{"@type":"WebSite","@id":"https:\/\/mutuamollet.cat\/es\/#website","url":"https:\/\/mutuamollet.cat\/es\/","name":"M\u00fatua Mollet","description":"La M\u00fatua de Mollet del Vall\u00e8s","potentialAction":[{"@type":"SearchAction","target":{"@type":"EntryPoint","urlTemplate":"https:\/\/mutuamollet.cat\/es\/?s={search_term_string}"},"query-input":{"@type":"PropertyValueSpecification","valueRequired":true,"valueName":"search_term_string"}}],"inLanguage":"es"}]}},"_links":{"self":[{"href":"https:\/\/mutuamollet.cat\/es\/wp-json\/wp\/v2\/pages\/456","targetHints":{"allow":["GET"]}}],"collection":[{"href":"https:\/\/mutuamollet.cat\/es\/wp-json\/wp\/v2\/pages"}],"about":[{"href":"https:\/\/mutuamollet.cat\/es\/wp-json\/wp\/v2\/types\/page"}],"author":[{"embeddable":true,"href":"https:\/\/mutuamollet.cat\/es\/wp-json\/wp\/v2\/users\/2"}],"replies":[{"embeddable":true,"href":"https:\/\/mutuamollet.cat\/es\/wp-json\/wp\/v2\/comments?post=456"}],"version-history":[{"count":1,"href":"https:\/\/mutuamollet.cat\/es\/wp-json\/wp\/v2\/pages\/456\/revisions"}],"predecessor-version":[{"id":467,"href":"https:\/\/mutuamollet.cat\/es\/wp-json\/wp\/v2\/pages\/456\/revisions\/467"}],"wp:attachment":[{"href":"https:\/\/mutuamollet.cat\/es\/wp-json\/wp\/v2\/media?parent=456"}],"curies":[{"name":"wp","href":"https:\/\/api.w.org\/{rel}","templated":true}]}}