{"id":435,"date":"2025-10-22T18:27:04","date_gmt":"2025-10-22T16:27:04","guid":{"rendered":"https:\/\/mutuamollet.cat\/centros-medicos\/"},"modified":"2025-10-27T13:13:32","modified_gmt":"2025-10-27T12:13:32","slug":"centros-medicos","status":"publish","type":"page","link":"https:\/\/mutuamollet.cat\/es\/centros-medicos\/","title":{"rendered":"Centros m\u00e9dicos"},"content":{"rendered":"","protected":false},"excerpt":{"rendered":"<p> [&#8230;]<\/p>\n<p><a class=\"btn btn-secondary understrap-read-more-link\" href=\"https:\/\/mutuamollet.cat\/es\/centros-medicos\/\">Leer m\u00e1s&#8230;<span class=\"screen-reader-text\"> from Centros m\u00e9dicos<\/span><\/a><\/p>\n","protected":false},"author":2,"featured_media":0,"parent":0,"menu_order":0,"comment_status":"closed","ping_status":"closed","template":"page-templates\/centers-page.php","meta":{"_acf_changed":false,"footnotes":""},"class_list":["post-435","page","type-page","status-publish","hentry"],"acf":[],"yoast_head":"<!-- This site is optimized with the Yoast SEO plugin v26.2 - https:\/\/yoast.com\/wordpress\/plugins\/seo\/ -->\n<title>Centros m\u00e9dicos en Mollet y alrededores - Mutua Mollet<\/title>\n<meta name=\"description\" content=\"Encuentra tu centro m\u00e9dico en Mollet, Montorn\u00e8s, Parets o Santa Perp\u00e8tua. Atenci\u00f3n cercana y especializada. \u00a1Localiza tu centro m\u00e1s pr\u00f3ximo!\" \/>\n<meta name=\"robots\" content=\"index, follow, max-snippet:-1, max-image-preview:large, max-video-preview:-1\" \/>\n<link rel=\"canonical\" href=\"https:\/\/mutuamollet.cat\/es\/centros-medicos\/\" \/>\n<meta property=\"og:locale\" content=\"es_ES\" \/>\n<meta property=\"og:type\" content=\"article\" \/>\n<meta property=\"og:title\" content=\"Centros m\u00e9dicos en Mollet y alrededores - Mutua Mollet\" \/>\n<meta property=\"og:description\" content=\"Encuentra tu centro m\u00e9dico en Mollet, Montorn\u00e8s, Parets o Santa Perp\u00e8tua. Atenci\u00f3n cercana y especializada. \u00a1Localiza tu centro m\u00e1s pr\u00f3ximo!\" \/>\n<meta property=\"og:url\" content=\"https:\/\/mutuamollet.cat\/es\/centros-medicos\/\" \/>\n<meta property=\"og:site_name\" content=\"M\u00fatua Mollet\" \/>\n<meta property=\"article:modified_time\" content=\"2025-10-27T12:13:32+00:00\" \/>\n<meta name=\"twitter:card\" content=\"summary_large_image\" \/>\n<script type=\"application\/ld+json\" class=\"yoast-schema-graph\">{\"@context\":\"https:\/\/schema.org\",\"@graph\":[{\"@type\":\"WebPage\",\"@id\":\"https:\/\/mutuamollet.cat\/es\/centros-medicos\/\",\"url\":\"https:\/\/mutuamollet.cat\/es\/centros-medicos\/\",\"name\":\"Centros m\u00e9dicos en Mollet y alrededores - Mutua Mollet\",\"isPartOf\":{\"@id\":\"https:\/\/mutuamollet.cat\/es\/#website\"},\"datePublished\":\"2025-10-22T16:27:04+00:00\",\"dateModified\":\"2025-10-27T12:13:32+00:00\",\"description\":\"Encuentra tu centro m\u00e9dico en Mollet, Montorn\u00e8s, Parets o Santa Perp\u00e8tua. Atenci\u00f3n cercana y especializada. \u00a1Localiza tu centro m\u00e1s pr\u00f3ximo!\",\"breadcrumb\":{\"@id\":\"https:\/\/mutuamollet.cat\/es\/centros-medicos\/#breadcrumb\"},\"inLanguage\":\"es\",\"potentialAction\":[{\"@type\":\"ReadAction\",\"target\":[\"https:\/\/mutuamollet.cat\/es\/centros-medicos\/\"]}]},{\"@type\":\"BreadcrumbList\",\"@id\":\"https:\/\/mutuamollet.cat\/es\/centros-medicos\/#breadcrumb\",\"itemListElement\":[{\"@type\":\"ListItem\",\"position\":1,\"name\":\"Inici\",\"item\":\"https:\/\/mutuamollet.cat\/es\/home\/\"},{\"@type\":\"ListItem\",\"position\":2,\"name\":\"Centros m\u00e9dicos\"}]},{\"@type\":\"WebSite\",\"@id\":\"https:\/\/mutuamollet.cat\/es\/#website\",\"url\":\"https:\/\/mutuamollet.cat\/es\/\",\"name\":\"M\u00fatua Mollet\",\"description\":\"La M\u00fatua de Mollet del Vall\u00e8s\",\"potentialAction\":[{\"@type\":\"SearchAction\",\"target\":{\"@type\":\"EntryPoint\",\"urlTemplate\":\"https:\/\/mutuamollet.cat\/es\/?s={search_term_string}\"},\"query-input\":{\"@type\":\"PropertyValueSpecification\",\"valueRequired\":true,\"valueName\":\"search_term_string\"}}],\"inLanguage\":\"es\"}]}<\/script>\n<!-- \/ Yoast SEO plugin. -->","yoast_head_json":{"title":"Centros m\u00e9dicos en Mollet y alrededores - Mutua Mollet","description":"Encuentra tu centro m\u00e9dico en Mollet, Montorn\u00e8s, Parets o Santa Perp\u00e8tua. Atenci\u00f3n cercana y especializada. \u00a1Localiza tu centro m\u00e1s pr\u00f3ximo!","robots":{"index":"index","follow":"follow","max-snippet":"max-snippet:-1","max-image-preview":"max-image-preview:large","max-video-preview":"max-video-preview:-1"},"canonical":"https:\/\/mutuamollet.cat\/es\/centros-medicos\/","og_locale":"es_ES","og_type":"article","og_title":"Centros m\u00e9dicos en Mollet y alrededores - Mutua Mollet","og_description":"Encuentra tu centro m\u00e9dico en Mollet, Montorn\u00e8s, Parets o Santa Perp\u00e8tua. Atenci\u00f3n cercana y especializada. \u00a1Localiza tu centro m\u00e1s pr\u00f3ximo!","og_url":"https:\/\/mutuamollet.cat\/es\/centros-medicos\/","og_site_name":"M\u00fatua Mollet","article_modified_time":"2025-10-27T12:13:32+00:00","twitter_card":"summary_large_image","schema":{"@context":"https:\/\/schema.org","@graph":[{"@type":"WebPage","@id":"https:\/\/mutuamollet.cat\/es\/centros-medicos\/","url":"https:\/\/mutuamollet.cat\/es\/centros-medicos\/","name":"Centros m\u00e9dicos en Mollet y alrededores - Mutua Mollet","isPartOf":{"@id":"https:\/\/mutuamollet.cat\/es\/#website"},"datePublished":"2025-10-22T16:27:04+00:00","dateModified":"2025-10-27T12:13:32+00:00","description":"Encuentra tu centro m\u00e9dico en Mollet, Montorn\u00e8s, Parets o Santa Perp\u00e8tua. Atenci\u00f3n cercana y especializada. \u00a1Localiza tu centro m\u00e1s pr\u00f3ximo!","breadcrumb":{"@id":"https:\/\/mutuamollet.cat\/es\/centros-medicos\/#breadcrumb"},"inLanguage":"es","potentialAction":[{"@type":"ReadAction","target":["https:\/\/mutuamollet.cat\/es\/centros-medicos\/"]}]},{"@type":"BreadcrumbList","@id":"https:\/\/mutuamollet.cat\/es\/centros-medicos\/#breadcrumb","itemListElement":[{"@type":"ListItem","position":1,"name":"Inici","item":"https:\/\/mutuamollet.cat\/es\/home\/"},{"@type":"ListItem","position":2,"name":"Centros m\u00e9dicos"}]},{"@type":"WebSite","@id":"https:\/\/mutuamollet.cat\/es\/#website","url":"https:\/\/mutuamollet.cat\/es\/","name":"M\u00fatua Mollet","description":"La M\u00fatua de Mollet del Vall\u00e8s","potentialAction":[{"@type":"SearchAction","target":{"@type":"EntryPoint","urlTemplate":"https:\/\/mutuamollet.cat\/es\/?s={search_term_string}"},"query-input":{"@type":"PropertyValueSpecification","valueRequired":true,"valueName":"search_term_string"}}],"inLanguage":"es"}]}},"_links":{"self":[{"href":"https:\/\/mutuamollet.cat\/es\/wp-json\/wp\/v2\/pages\/435","targetHints":{"allow":["GET"]}}],"collection":[{"href":"https:\/\/mutuamollet.cat\/es\/wp-json\/wp\/v2\/pages"}],"about":[{"href":"https:\/\/mutuamollet.cat\/es\/wp-json\/wp\/v2\/types\/page"}],"author":[{"embeddable":true,"href":"https:\/\/mutuamollet.cat\/es\/wp-json\/wp\/v2\/users\/2"}],"replies":[{"embeddable":true,"href":"https:\/\/mutuamollet.cat\/es\/wp-json\/wp\/v2\/comments?post=435"}],"version-history":[{"count":1,"href":"https:\/\/mutuamollet.cat\/es\/wp-json\/wp\/v2\/pages\/435\/revisions"}],"predecessor-version":[{"id":610,"href":"https:\/\/mutuamollet.cat\/es\/wp-json\/wp\/v2\/pages\/435\/revisions\/610"}],"wp:attachment":[{"href":"https:\/\/mutuamollet.cat\/es\/wp-json\/wp\/v2\/media?parent=435"}],"curies":[{"name":"wp","href":"https:\/\/api.w.org\/{rel}","templated":true}]}}